{"id":154,"date":"2025-09-29T16:02:36","date_gmt":"2025-09-29T16:02:36","guid":{"rendered":"https:\/\/espacoartesc.pt\/?page_id=154"},"modified":"2025-10-14T10:03:24","modified_gmt":"2025-10-14T10:03:24","slug":"a-historia","status":"publish","type":"page","link":"https:\/\/espacoartesc.pt\/index.php\/a-historia\/","title":{"rendered":"A Hist\u00f3ria"},"content":{"rendered":"\t\t<div data-elementor-type=\"wp-page\" data-elementor-id=\"154\" class=\"elementor elementor-154\" data-elementor-post-type=\"page\">\n\t\t\t\t<div class=\"elementor-element elementor-element-887274a e-flex e-con-boxed e-con e-parent\" data-id=\"887274a\" data-element_type=\"container\">\n\t\t\t\t\t<div class=\"e-con-inner\">\n\t\t\t\t<div class=\"elementor-element elementor-element-c1c20f1 elementor-widget elementor-widget-heading\" data-id=\"c1c20f1\" data-element_type=\"widget\" data-widget_type=\"heading.default\">\n\t\t\t\t\t<h2 class=\"elementor-heading-title elementor-size-default\">Hist\u00f3ria<\/h2>\t\t\t\t<\/div>\n\t\t\t\t\t<\/div>\n\t\t\t\t<\/div>\n\t\t<div class=\"elementor-element elementor-element-6cda066 e-flex e-con-boxed e-con e-parent\" data-id=\"6cda066\" data-element_type=\"container\">\n\t\t\t\t\t<div class=\"e-con-inner\">\n\t\t\t\t<div class=\"elementor-element elementor-element-672041b elementor-widget elementor-widget-text-editor\" data-id=\"672041b\" data-element_type=\"widget\" data-widget_type=\"text-editor.default\">\n\t\t\t\t\t\t\t\t\t<p>O <strong>Espa\u00e7o Arte SC<\/strong> est\u00e1 a iniciar a sua atividade no ano letivo de 2025\/26. Nasce da necessidade de responder \u00e0 crescente procura por ensino art\u00edstico (neste momento, sobretudo, na \u00e1rea da m\u00fasica) na zona de <strong>Carnaxide<\/strong>. Este projeto surge como fruto de uma <strong>parceria estrat\u00e9gica<\/strong> entre a <strong>Escola de M\u00fasica Nossa Senhora do Cabo<\/strong> e o <strong>Centro Social de S\u00e3o Rom\u00e3o de Carnaxide<\/strong>, duas institui\u00e7\u00f5es com forte liga\u00e7\u00e3o \u00e0 comunidade e ao desenvolvimento cultural local.<\/p>\n<p>A cria\u00e7\u00e3o do Espa\u00e7o Arte SC permitiu <strong>revitalizar o Musicentro<\/strong>, um espa\u00e7o que j\u00e1 vinha desenvolvendo atividades musicais h\u00e1 algum tempo, mas que agora ganha nova vida e prop\u00f3sito. Com esta iniciativa, o Musicentro transforma-se num <strong>centro din\u00e2mico de forma\u00e7\u00e3o art\u00edstica<\/strong>, consolidando a sua oferta de <strong>cursos de instrumentos musicais, <\/strong>como Piano, Violino, Saxofone<strong>, forma\u00e7\u00e3o <\/strong>musical e\u2026 est\u00e1 pensado tamb\u00e9m alargar a oferta de cursos profissionais de manuten\u00e7\u00e3o de Instrumentos e outros, promovendo uma abordagem integrada e cooperativa ao ensino das artes.<\/p>\n<p>O Espa\u00e7o Arte SC assume-se como uma <strong>Institui\u00e7\u00e3o de Ensino Particular e Cooperativo<\/strong>, dedicada ao <strong>Ensino Art\u00edstico<\/strong>, com uma miss\u00e3o clara: <strong>valorizar o talento, fomentar a criatividade e contribuir para o crescimento cultural e humano dos seus alunos<\/strong>.<\/p>\t\t\t\t\t\t\t\t<\/div>\n\t\t\t\t\t<\/div>\n\t\t\t\t<\/div>\n\t\t\t\t<\/div>\n\t\t","protected":false},"excerpt":{"rendered":"<p>Hist\u00f3ria O Espa\u00e7o Arte SC est\u00e1 a iniciar a sua atividade no ano letivo de 2025\/26. Nasce da necessidade de responder \u00e0 crescente procura por ensino art\u00edstico (neste momento, sobretudo, na \u00e1rea da m\u00fasica) na zona de Carnaxide. Este projeto surge como fruto de uma parceria estrat\u00e9gica entre a Escola de M\u00fasica Nossa Senhora do [&hellip;]<\/p>\n","protected":false},"author":1,"featured_media":0,"parent":0,"menu_order":0,"comment_status":"closed","ping_status":"closed","template":"elementor_header_footer","meta":{"footnotes":""},"class_list":["post-154","page","type-page","status-publish","hentry"],"yoast_head":"<!-- This site is optimized with the Yoast SEO Premium plugin v26.0 (Yoast SEO v26.0) - https:\/\/yoast.com\/wordpress\/plugins\/seo\/ -->\n<title>A Hist\u00f3ria - Espa\u00e7o Artes Santa Cec\u00edlia<\/title>\n<meta name=\"robots\" content=\"index, follow, max-snippet:-1, max-image-preview:large, max-video-preview:-1\" \/>\n<link rel=\"canonical\" href=\"https:\/\/espacoartesc.pt\/index.php\/a-historia\/\" \/>\n<meta property=\"og:locale\" content=\"pt_PT\" \/>\n<meta property=\"og:type\" content=\"article\" \/>\n<meta property=\"og:title\" content=\"A Hist\u00f3ria\" \/>\n<meta property=\"og:description\" content=\"Hist\u00f3ria O Espa\u00e7o Arte SC est\u00e1 a iniciar a sua atividade no ano letivo de 2025\/26. Nasce da necessidade de responder \u00e0 crescente procura por ensino art\u00edstico (neste momento, sobretudo, na \u00e1rea da m\u00fasica) na zona de Carnaxide. Este projeto surge como fruto de uma parceria estrat\u00e9gica entre a Escola de M\u00fasica Nossa Senhora do [&hellip;]\" \/>\n<meta property=\"og:url\" content=\"https:\/\/espacoartesc.pt\/index.php\/a-historia\/\" \/>\n<meta property=\"og:site_name\" content=\"Espa\u00e7o Artes Santa Cec\u00edlia\" \/>\n<meta property=\"article:modified_time\" content=\"2025-10-14T10:03:24+00:00\" \/>\n<meta name=\"twitter:card\" content=\"summary_large_image\" \/>\n<meta name=\"twitter:label1\" content=\"Tempo estimado de leitura\" \/>\n\t<meta name=\"twitter:data1\" content=\"2 minutos\" \/>\n<script type=\"application\/ld+json\" class=\"yoast-schema-graph\">{\"@context\":\"https:\/\/schema.org\",\"@graph\":[{\"@type\":\"WebPage\",\"@id\":\"https:\/\/espacoartesc.pt\/index.php\/a-historia\/\",\"url\":\"https:\/\/espacoartesc.pt\/index.php\/a-historia\/\",\"name\":\"A Hist\u00f3ria - Espa\u00e7o Artes Santa Cec\u00edlia\",\"isPartOf\":{\"@id\":\"https:\/\/espacoartesc.pt\/#website\"},\"datePublished\":\"2025-09-29T16:02:36+00:00\",\"dateModified\":\"2025-10-14T10:03:24+00:00\",\"breadcrumb\":{\"@id\":\"https:\/\/espacoartesc.pt\/index.php\/a-historia\/#breadcrumb\"},\"inLanguage\":\"pt-PT\",\"potentialAction\":[{\"@type\":\"ReadAction\",\"target\":[\"https:\/\/espacoartesc.pt\/index.php\/a-historia\/\"]}]},{\"@type\":\"BreadcrumbList\",\"@id\":\"https:\/\/espacoartesc.pt\/index.php\/a-historia\/#breadcrumb\",\"itemListElement\":[{\"@type\":\"ListItem\",\"position\":1,\"name\":\"In\u00edcio\",\"item\":\"https:\/\/espacoartesc.pt\/\"},{\"@type\":\"ListItem\",\"position\":2,\"name\":\"A Hist\u00f3ria\"}]},{\"@type\":\"WebSite\",\"@id\":\"https:\/\/espacoartesc.pt\/#website\",\"url\":\"https:\/\/espacoartesc.pt\/\",\"name\":\"Espa\u00e7o Artes Santa Cec\u00edlia\",\"description\":\"\",\"potentialAction\":[{\"@type\":\"SearchAction\",\"target\":{\"@type\":\"EntryPoint\",\"urlTemplate\":\"https:\/\/espacoartesc.pt\/?s={search_term_string}\"},\"query-input\":{\"@type\":\"PropertyValueSpecification\",\"valueRequired\":true,\"valueName\":\"search_term_string\"}}],\"inLanguage\":\"pt-PT\"}]}<\/script>\n<!-- \/ Yoast SEO Premium plugin. -->","yoast_head_json":{"title":"A Hist\u00f3ria - Espa\u00e7o Artes Santa Cec\u00edlia","robots":{"index":"index","follow":"follow","max-snippet":"max-snippet:-1","max-image-preview":"max-image-preview:large","max-video-preview":"max-video-preview:-1"},"canonical":"https:\/\/espacoartesc.pt\/index.php\/a-historia\/","og_locale":"pt_PT","og_type":"article","og_title":"A Hist\u00f3ria","og_description":"Hist\u00f3ria O Espa\u00e7o Arte SC est\u00e1 a iniciar a sua atividade no ano letivo de 2025\/26. Nasce da necessidade de responder \u00e0 crescente procura por ensino art\u00edstico (neste momento, sobretudo, na \u00e1rea da m\u00fasica) na zona de Carnaxide. Este projeto surge como fruto de uma parceria estrat\u00e9gica entre a Escola de M\u00fasica Nossa Senhora do [&hellip;]","og_url":"https:\/\/espacoartesc.pt\/index.php\/a-historia\/","og_site_name":"Espa\u00e7o Artes Santa Cec\u00edlia","article_modified_time":"2025-10-14T10:03:24+00:00","twitter_card":"summary_large_image","twitter_misc":{"Tempo estimado de leitura":"2 minutos"},"schema":{"@context":"https:\/\/schema.org","@graph":[{"@type":"WebPage","@id":"https:\/\/espacoartesc.pt\/index.php\/a-historia\/","url":"https:\/\/espacoartesc.pt\/index.php\/a-historia\/","name":"A Hist\u00f3ria - Espa\u00e7o Artes Santa Cec\u00edlia","isPartOf":{"@id":"https:\/\/espacoartesc.pt\/#website"},"datePublished":"2025-09-29T16:02:36+00:00","dateModified":"2025-10-14T10:03:24+00:00","breadcrumb":{"@id":"https:\/\/espacoartesc.pt\/index.php\/a-historia\/#breadcrumb"},"inLanguage":"pt-PT","potentialAction":[{"@type":"ReadAction","target":["https:\/\/espacoartesc.pt\/index.php\/a-historia\/"]}]},{"@type":"BreadcrumbList","@id":"https:\/\/espacoartesc.pt\/index.php\/a-historia\/#breadcrumb","itemListElement":[{"@type":"ListItem","position":1,"name":"In\u00edcio","item":"https:\/\/espacoartesc.pt\/"},{"@type":"ListItem","position":2,"name":"A Hist\u00f3ria"}]},{"@type":"WebSite","@id":"https:\/\/espacoartesc.pt\/#website","url":"https:\/\/espacoartesc.pt\/","name":"Espa\u00e7o Artes Santa Cec\u00edlia","description":"","potentialAction":[{"@type":"SearchAction","target":{"@type":"EntryPoint","urlTemplate":"https:\/\/espacoartesc.pt\/?s={search_term_string}"},"query-input":{"@type":"PropertyValueSpecification","valueRequired":true,"valueName":"search_term_string"}}],"inLanguage":"pt-PT"}]}},"_links":{"self":[{"href":"https:\/\/espacoartesc.pt\/index.php\/wp-json\/wp\/v2\/pages\/154","targetHints":{"allow":["GET"]}}],"collection":[{"href":"https:\/\/espacoartesc.pt\/index.php\/wp-json\/wp\/v2\/pages"}],"about":[{"href":"https:\/\/espacoartesc.pt\/index.php\/wp-json\/wp\/v2\/types\/page"}],"author":[{"embeddable":true,"href":"https:\/\/espacoartesc.pt\/index.php\/wp-json\/wp\/v2\/users\/1"}],"replies":[{"embeddable":true,"href":"https:\/\/espacoartesc.pt\/index.php\/wp-json\/wp\/v2\/comments?post=154"}],"version-history":[{"count":8,"href":"https:\/\/espacoartesc.pt\/index.php\/wp-json\/wp\/v2\/pages\/154\/revisions"}],"predecessor-version":[{"id":225,"href":"https:\/\/espacoartesc.pt\/index.php\/wp-json\/wp\/v2\/pages\/154\/revisions\/225"}],"wp:attachment":[{"href":"https:\/\/espacoartesc.pt\/index.php\/wp-json\/wp\/v2\/media?parent=154"}],"curies":[{"name":"wp","href":"https:\/\/api.w.org\/{rel}","templated":true}]}}