{"id":158,"date":"2025-09-29T16:04:29","date_gmt":"2025-09-29T16:04:29","guid":{"rendered":"https:\/\/espacoartesc.pt\/?page_id=158"},"modified":"2026-01-09T15:40:49","modified_gmt":"2026-01-09T15:40:49","slug":"os-professores","status":"publish","type":"page","link":"https:\/\/espacoartesc.pt\/index.php\/os-professores\/","title":{"rendered":"Os Professores"},"content":{"rendered":"\t\t<div data-elementor-type=\"wp-page\" data-elementor-id=\"158\" class=\"elementor elementor-158\" data-elementor-post-type=\"page\">\n\t\t\t\t<div class=\"elementor-element elementor-element-887274a e-flex e-con-boxed e-con e-parent\" data-id=\"887274a\" data-element_type=\"container\">\n\t\t\t\t\t<div class=\"e-con-inner\">\n\t\t\t\t<div class=\"elementor-element elementor-element-c1c20f1 elementor-widget elementor-widget-heading\" data-id=\"c1c20f1\" data-element_type=\"widget\" data-widget_type=\"heading.default\">\n\t\t\t\t\t<h2 class=\"elementor-heading-title elementor-size-default\">Professores<\/h2>\t\t\t\t<\/div>\n\t\t\t\t\t<\/div>\n\t\t\t\t<\/div>\n\t\t<div class=\"elementor-element elementor-element-bd2cb6a e-flex e-con-boxed e-con e-parent\" data-id=\"bd2cb6a\" data-element_type=\"container\">\n\t\t\t\t\t<div class=\"e-con-inner\">\n\t\t\t\t<div class=\"elementor-element elementor-element-cee9aa1 elementor-widget elementor-widget-text-editor\" data-id=\"cee9aa1\" data-element_type=\"widget\" data-widget_type=\"text-editor.default\">\n\t\t\t\t\t\t\t\t\t<p><img decoding=\"async\" class=\"emoji\" role=\"img\" draggable=\"false\" src=\"https:\/\/s.w.org\/images\/core\/emoji\/17.0.2\/svg\/1f3b6.svg\" alt=\"\ud83c\udfb6\" \/> <strong>Conhece os nossos Mestres da Arte Musical<\/strong> <img decoding=\"async\" class=\"emoji\" role=\"img\" draggable=\"false\" src=\"https:\/\/s.w.org\/images\/core\/emoji\/17.0.2\/svg\/1f3b6.svg\" alt=\"\ud83c\udfb6\" \/><\/p><p>No Espa\u00e7o Arte SC, cada nota tem alma e cada acorde conta uma hist\u00f3ria. \u00c9 com entusiasmo que apresentamos os professores que tornam este espa\u00e7o um verdadeiro lar para o talento e a express\u00e3o art\u00edstica:<\/p><p><b><img decoding=\"async\" class=\"emoji\" role=\"img\" draggable=\"false\" src=\"https:\/\/s.w.org\/images\/core\/emoji\/17.0.2\/svg\/1f3b9.svg\" alt=\"\ud83c\udfb9\" \/> Maria Ilda Ortin Rodrigues<\/b>\u00a0<strong>\u2013 Piano\u00a0<\/strong><\/p><p><span style=\"font-size: 1rem;\">Iniciou os estudos musicais aos cinco anos de idade pelo M\u00e9todo Ward no Centro de Estudos Gregorianos de Lisboa, actual Instituto Gregoriano de Lisboa. Nesta escola completou o curso de piano com Margarida Duarte de Almeida e Jos\u00e9 Jo\u00e3o Gomes dos Santos, tendo estudado tamb\u00e9m \u00f3rg\u00e3o com Antoine Sibertin-Blanc.<\/span><\/p><p class=\"MsoNormal\" style=\"margin-bottom: 0cm;\">Prosseguiu os estudos de piano na Escola Superior de M\u00fasica de Lisboa com T\u00e2nia Achot e com Olga Prats tendo a\u00ed conclu\u00eddo o curso em 1990. Foi bolseira da Funda\u00e7\u00e3o Calouste Gulbenkian e em 1991 obteve o pr\u00e9mio Campos Coelho no Concurso Internacional de Piano Vianna da Motta.\u00a0<\/p><p class=\"MsoNormal\" style=\"margin-bottom: 0cm;\">Frequentou cursos de aperfei\u00e7oamento pian\u00edstico com Dmitri Bashkirov, Vitalij Margulis, Dmitri Paperno e Alain Jacquon e estudou Canto com Lu\u00eds Madureira e Elsa Saque tendo sido ainda membro do Coro Gulbenkian.<\/p><p class=\"MsoNormal\" style=\"margin-bottom: 0cm;\">Posteriormente ingressou no College Conservatory of Music da Universidade de Cincinnati nos EUA, onde conclu\u00edu o Mestrado em Piano Performance. Nesta universidade estudou piano com Eugene Pridonoff e m\u00fasica de c\u00e2mara com Lee Fiser (LaSalle String Quartet), Peter Oundjian (Tokyo String Quartet), Sandra Rivers e Sara Lambert Bloom.\u00a0<\/p><p class=\"MsoNormal\" style=\"margin-bottom: 0cm;\">Apresentou-se a solo e com orquestra e em recitais de m\u00fasica de c\u00e2mara, com particular incid\u00eancia no repert\u00f3rio para cordas e piano e no repert\u00f3rio para canto e piano.\u00a0<\/p><p><span style=\"font-size: 1rem;\">Colaborou como acompanhadora na Escola Superior de M\u00fasica de Lisboa e \u00e9 actualmente professora de piano no Instituto Gregoriano de Lisboa.<\/span>\u00a0num mergulho profundo na beleza da m\u00fasica cl\u00e1ssica e contempor\u00e2nea.<\/p><p><img decoding=\"async\" class=\"emoji\" role=\"img\" draggable=\"false\" src=\"https:\/\/s.w.org\/images\/core\/emoji\/17.0.2\/svg\/1f3b8.svg\" alt=\"\ud83c\udfb8\" \/> <strong>Jos\u00e9 Pratas \u2013 Guitarra<\/strong><\/p><p class=\"MsoNormal\">Iniciou os estudos de guitarra cl\u00e1ssica aos seis anos de idade com Miguel Vieira da Silva, na Escola de M\u00fasica Nossa Senhora do Cabo, na qual completou o curso de guitarra.<\/p><p class=\"MsoNormal\"><span style=\"font-size: 1rem;\">Participou em cursos e masterclasses com guitarristas de refer\u00eancia, entre os quais F\u00e1bio Zanon, Laura Young, Dejan Ivanovic, Ant\u00f3nio Jorge Gon\u00e7alves, Pedro Rodrigues. Participou tamb\u00e9m por duas vezes, no curso de guitarra e fisioterapia ministrado por Ricardo Gall\u00e9n. Paralelamente, desenvolve interesse pela composi\u00e7\u00e3o, tendo estreado obras originais para guitarra solo, duo e quarteto.<\/span><\/p><p class=\"MsoNormal\"><span style=\"font-size: 1rem;\">Participou em diversos concursos, tendo sido premiado com a men\u00e7\u00e3o honrosa, no 1\u00b0 concurso internacional de guitarra de Lagoa, em 2023.<\/span><\/p><p class=\"MsoNormal\"><span style=\"font-size: 1rem;\">Apresentou-se a solo, em duo e em quarteto, em v\u00e1rios recitais e concertos.\u00a0<\/span><span style=\"font-size: 1rem;\">Atualmente integra o duo ConTrastes com Francisco Alcobia e estuda na Escola Superior de M\u00fasica de Lisboa, na classe do professor Ant\u00f3nio Jorge Gon\u00e7alves. \u00c9 professor de guitarra no Espa\u00e7o Arte Santa Cec\u00edlia.<\/span><\/p><p><img decoding=\"async\" class=\"emoji\" role=\"img\" draggable=\"false\" src=\"https:\/\/s.w.org\/images\/core\/emoji\/17.0.2\/svg\/1f3b7.svg\" alt=\"\ud83c\udfb7\" \/> <strong>N\u00e1dia Santos \u2013 Saxofone<\/strong><\/p><p class=\"p1\">Iniciou os estudos de m\u00fasica na banda de m\u00fasica da AHBVL em 2009. Em 2012 ingressou na Escola de m\u00fasica do Conservat\u00f3rio Nacional, na classe da professora Rita Nunes, onde estudou saxofone at\u00e9 concluir o ensino secund\u00e1rio art\u00edstico em 2019.<\/p><p class=\"p1\">Em 2019 entrou para a Universidade de \u00c9vora, onde estudou saxofone na classe do professor Jos\u00e9 Massarr\u00e3o. Em 2020 foi para a Escola Superior de M\u00fasica de Lisboa, onde concluiu a licenciatura em saxofone, em 2022, passando pelas classes do professor Jos\u00e9 Massarr\u00e3o e do professor Doutor Rodrigo Pires de Lima. No per\u00edodo da licenciatura, fez tamb\u00e9m Erasmus no Conservatorium Maastricht, na classe do professor Jean Pierre Cnoops.<\/p><p class=\"p1\">Em 2022 ingressou no mestrado em performance na Escola Superior de M\u00fasica de Lisboa, que concluiu em 2024, na classe do professor Jos\u00e9 Massarr\u00e3o. Encontra-se de momento a concluir o mestrado em ensino da m\u00fasica na Escola Superior de M\u00fasica de Lisboa, na classe do professor Doutor Rodrigo Pires de Lima.<\/p><p class=\"p1\">Profissionalmente, j\u00e1 trabalhou como saxofonista em diversas orquestras e companhias de teatro. Interpretou, com a OSJ, a obra \u201cNo jardim\u201d , de Christopher Bochmann. Com a Orquestra Sinf\u00f3nica de Lisboa interpretou a obra \u201cO achamento do Brasil\u201d de Jorge Salgueiro. Com a companhia de teatro \u201cO el\u00e9trico\u201d fez parte da orquestra em esp\u00e9taculos como \u201cA m\u00e3e soberana\u201d, \u201cNoite de Reis\u201d e \u201cThe swimming pool party\u201d, com o encenador Ricardo Neves-Neves.<\/p><p class=\"p1\">Atualmente \u00e9 professora de saxofone na escola de m\u00fasica da AHBVF, na Escola de M\u00fasica Nossa Senhora do Cabo e na Academia de M\u00fasica do Milharado.<\/p><p>\u00a0<\/p><p><strong>Estes s\u00e3o os artistas que ensinam com o cora\u00e7\u00e3o e elevam o talento com dedica\u00e7\u00e3o. No Espa\u00e7o Arte SC, a m\u00fasica n\u00e3o se aprende apenas \u2014 vive-se!<\/strong><\/p>\t\t\t\t\t\t\t\t<\/div>\n\t\t\t\t\t<\/div>\n\t\t\t\t<\/div>\n\t\t\t\t<\/div>\n\t\t","protected":false},"excerpt":{"rendered":"<p>Professores Conhece os nossos Mestres da Arte Musical No Espa\u00e7o Arte SC, cada nota tem alma e cada acorde conta uma hist\u00f3ria. \u00c9 com entusiasmo que apresentamos os professores que tornam este espa\u00e7o um verdadeiro lar para o talento e a express\u00e3o art\u00edstica: Maria Ilda Ortin Rodrigues\u00a0\u2013 Piano\u00a0 Iniciou os estudos musicais aos cinco anos [&hellip;]<\/p>\n","protected":false},"author":1,"featured_media":0,"parent":0,"menu_order":0,"comment_status":"closed","ping_status":"closed","template":"elementor_header_footer","meta":{"footnotes":""},"class_list":["post-158","page","type-page","status-publish","hentry"],"yoast_head":"<!-- This site is optimized with the Yoast SEO Premium plugin v26.0 (Yoast SEO v26.0) - https:\/\/yoast.com\/wordpress\/plugins\/seo\/ -->\n<title>Os Professores - Espa\u00e7o Artes Santa Cec\u00edlia<\/title>\n<meta name=\"robots\" content=\"index, follow, max-snippet:-1, max-image-preview:large, max-video-preview:-1\" \/>\n<link rel=\"canonical\" href=\"https:\/\/espacoartesc.pt\/index.php\/os-professores\/\" \/>\n<meta property=\"og:locale\" content=\"pt_PT\" \/>\n<meta property=\"og:type\" content=\"article\" \/>\n<meta property=\"og:title\" content=\"Os Professores\" \/>\n<meta property=\"og:description\" content=\"Professores Conhece os nossos Mestres da Arte Musical No Espa\u00e7o Arte SC, cada nota tem alma e cada acorde conta uma hist\u00f3ria. \u00c9 com entusiasmo que apresentamos os professores que tornam este espa\u00e7o um verdadeiro lar para o talento e a express\u00e3o art\u00edstica: Maria Ilda Ortin Rodrigues\u00a0\u2013 Piano\u00a0 Iniciou os estudos musicais aos cinco anos [&hellip;]\" \/>\n<meta property=\"og:url\" content=\"https:\/\/espacoartesc.pt\/index.php\/os-professores\/\" \/>\n<meta property=\"og:site_name\" content=\"Espa\u00e7o Artes Santa Cec\u00edlia\" \/>\n<meta property=\"article:modified_time\" content=\"2026-01-09T15:40:49+00:00\" \/>\n<meta property=\"og:image\" content=\"https:\/\/s.w.org\/images\/core\/emoji\/17.0.2\/svg\/1f3b6.svg\" \/>\n<meta name=\"twitter:card\" content=\"summary_large_image\" \/>\n<meta name=\"twitter:label1\" content=\"Tempo estimado de leitura\" \/>\n\t<meta name=\"twitter:data1\" content=\"4 minutos\" \/>\n<script type=\"application\/ld+json\" class=\"yoast-schema-graph\">{\"@context\":\"https:\/\/schema.org\",\"@graph\":[{\"@type\":\"WebPage\",\"@id\":\"https:\/\/espacoartesc.pt\/index.php\/os-professores\/\",\"url\":\"https:\/\/espacoartesc.pt\/index.php\/os-professores\/\",\"name\":\"Os Professores - Espa\u00e7o Artes Santa Cec\u00edlia\",\"isPartOf\":{\"@id\":\"https:\/\/espacoartesc.pt\/#website\"},\"primaryImageOfPage\":{\"@id\":\"https:\/\/espacoartesc.pt\/index.php\/os-professores\/#primaryimage\"},\"image\":{\"@id\":\"https:\/\/espacoartesc.pt\/index.php\/os-professores\/#primaryimage\"},\"thumbnailUrl\":\"https:\/\/s.w.org\/images\/core\/emoji\/17.0.2\/svg\/1f3b6.svg\",\"datePublished\":\"2025-09-29T16:04:29+00:00\",\"dateModified\":\"2026-01-09T15:40:49+00:00\",\"breadcrumb\":{\"@id\":\"https:\/\/espacoartesc.pt\/index.php\/os-professores\/#breadcrumb\"},\"inLanguage\":\"pt-PT\",\"potentialAction\":[{\"@type\":\"ReadAction\",\"target\":[\"https:\/\/espacoartesc.pt\/index.php\/os-professores\/\"]}]},{\"@type\":\"ImageObject\",\"inLanguage\":\"pt-PT\",\"@id\":\"https:\/\/espacoartesc.pt\/index.php\/os-professores\/#primaryimage\",\"url\":\"https:\/\/s.w.org\/images\/core\/emoji\/17.0.2\/svg\/1f3b6.svg\",\"contentUrl\":\"https:\/\/s.w.org\/images\/core\/emoji\/17.0.2\/svg\/1f3b6.svg\"},{\"@type\":\"BreadcrumbList\",\"@id\":\"https:\/\/espacoartesc.pt\/index.php\/os-professores\/#breadcrumb\",\"itemListElement\":[{\"@type\":\"ListItem\",\"position\":1,\"name\":\"In\u00edcio\",\"item\":\"https:\/\/espacoartesc.pt\/\"},{\"@type\":\"ListItem\",\"position\":2,\"name\":\"Os Professores\"}]},{\"@type\":\"WebSite\",\"@id\":\"https:\/\/espacoartesc.pt\/#website\",\"url\":\"https:\/\/espacoartesc.pt\/\",\"name\":\"Espa\u00e7o Artes Santa Cec\u00edlia\",\"description\":\"\",\"potentialAction\":[{\"@type\":\"SearchAction\",\"target\":{\"@type\":\"EntryPoint\",\"urlTemplate\":\"https:\/\/espacoartesc.pt\/?s={search_term_string}\"},\"query-input\":{\"@type\":\"PropertyValueSpecification\",\"valueRequired\":true,\"valueName\":\"search_term_string\"}}],\"inLanguage\":\"pt-PT\"}]}<\/script>\n<!-- \/ Yoast SEO Premium plugin. -->","yoast_head_json":{"title":"Os Professores - Espa\u00e7o Artes Santa Cec\u00edlia","robots":{"index":"index","follow":"follow","max-snippet":"max-snippet:-1","max-image-preview":"max-image-preview:large","max-video-preview":"max-video-preview:-1"},"canonical":"https:\/\/espacoartesc.pt\/index.php\/os-professores\/","og_locale":"pt_PT","og_type":"article","og_title":"Os Professores","og_description":"Professores Conhece os nossos Mestres da Arte Musical No Espa\u00e7o Arte SC, cada nota tem alma e cada acorde conta uma hist\u00f3ria. \u00c9 com entusiasmo que apresentamos os professores que tornam este espa\u00e7o um verdadeiro lar para o talento e a express\u00e3o art\u00edstica: Maria Ilda Ortin Rodrigues\u00a0\u2013 Piano\u00a0 Iniciou os estudos musicais aos cinco anos [&hellip;]","og_url":"https:\/\/espacoartesc.pt\/index.php\/os-professores\/","og_site_name":"Espa\u00e7o Artes Santa Cec\u00edlia","article_modified_time":"2026-01-09T15:40:49+00:00","og_image":[{"url":"https:\/\/s.w.org\/images\/core\/emoji\/17.0.2\/svg\/1f3b6.svg","type":"","width":"","height":""}],"twitter_card":"summary_large_image","twitter_misc":{"Tempo estimado de leitura":"4 minutos"},"schema":{"@context":"https:\/\/schema.org","@graph":[{"@type":"WebPage","@id":"https:\/\/espacoartesc.pt\/index.php\/os-professores\/","url":"https:\/\/espacoartesc.pt\/index.php\/os-professores\/","name":"Os Professores - Espa\u00e7o Artes Santa Cec\u00edlia","isPartOf":{"@id":"https:\/\/espacoartesc.pt\/#website"},"primaryImageOfPage":{"@id":"https:\/\/espacoartesc.pt\/index.php\/os-professores\/#primaryimage"},"image":{"@id":"https:\/\/espacoartesc.pt\/index.php\/os-professores\/#primaryimage"},"thumbnailUrl":"https:\/\/s.w.org\/images\/core\/emoji\/17.0.2\/svg\/1f3b6.svg","datePublished":"2025-09-29T16:04:29+00:00","dateModified":"2026-01-09T15:40:49+00:00","breadcrumb":{"@id":"https:\/\/espacoartesc.pt\/index.php\/os-professores\/#breadcrumb"},"inLanguage":"pt-PT","potentialAction":[{"@type":"ReadAction","target":["https:\/\/espacoartesc.pt\/index.php\/os-professores\/"]}]},{"@type":"ImageObject","inLanguage":"pt-PT","@id":"https:\/\/espacoartesc.pt\/index.php\/os-professores\/#primaryimage","url":"https:\/\/s.w.org\/images\/core\/emoji\/17.0.2\/svg\/1f3b6.svg","contentUrl":"https:\/\/s.w.org\/images\/core\/emoji\/17.0.2\/svg\/1f3b6.svg"},{"@type":"BreadcrumbList","@id":"https:\/\/espacoartesc.pt\/index.php\/os-professores\/#breadcrumb","itemListElement":[{"@type":"ListItem","position":1,"name":"In\u00edcio","item":"https:\/\/espacoartesc.pt\/"},{"@type":"ListItem","position":2,"name":"Os Professores"}]},{"@type":"WebSite","@id":"https:\/\/espacoartesc.pt\/#website","url":"https:\/\/espacoartesc.pt\/","name":"Espa\u00e7o Artes Santa Cec\u00edlia","description":"","potentialAction":[{"@type":"SearchAction","target":{"@type":"EntryPoint","urlTemplate":"https:\/\/espacoartesc.pt\/?s={search_term_string}"},"query-input":{"@type":"PropertyValueSpecification","valueRequired":true,"valueName":"search_term_string"}}],"inLanguage":"pt-PT"}]}},"_links":{"self":[{"href":"https:\/\/espacoartesc.pt\/index.php\/wp-json\/wp\/v2\/pages\/158","targetHints":{"allow":["GET"]}}],"collection":[{"href":"https:\/\/espacoartesc.pt\/index.php\/wp-json\/wp\/v2\/pages"}],"about":[{"href":"https:\/\/espacoartesc.pt\/index.php\/wp-json\/wp\/v2\/types\/page"}],"author":[{"embeddable":true,"href":"https:\/\/espacoartesc.pt\/index.php\/wp-json\/wp\/v2\/users\/1"}],"replies":[{"embeddable":true,"href":"https:\/\/espacoartesc.pt\/index.php\/wp-json\/wp\/v2\/comments?post=158"}],"version-history":[{"count":29,"href":"https:\/\/espacoartesc.pt\/index.php\/wp-json\/wp\/v2\/pages\/158\/revisions"}],"predecessor-version":[{"id":281,"href":"https:\/\/espacoartesc.pt\/index.php\/wp-json\/wp\/v2\/pages\/158\/revisions\/281"}],"wp:attachment":[{"href":"https:\/\/espacoartesc.pt\/index.php\/wp-json\/wp\/v2\/media?parent=158"}],"curies":[{"name":"wp","href":"https:\/\/api.w.org\/{rel}","templated":true}]}}