{"id":43,"date":"2025-09-29T12:35:23","date_gmt":"2025-09-29T12:35:23","guid":{"rendered":"https:\/\/espacoartesc.pt\/?page_id=43"},"modified":"2025-09-30T13:33:32","modified_gmt":"2025-09-30T13:33:32","slug":"home","status":"publish","type":"page","link":"https:\/\/espacoartesc.pt\/","title":{"rendered":"Inicio"},"content":{"rendered":"\t\t<div data-elementor-type=\"wp-page\" data-elementor-id=\"43\" class=\"elementor elementor-43\" data-elementor-post-type=\"page\">\n\t\t\t\t<div class=\"elementor-element elementor-element-793c1fc e-con-full e-flex e-con e-parent\" data-id=\"793c1fc\" data-element_type=\"container\">\n\t\t\t\t<div class=\"elementor-element elementor-element-ccbd887 elementor--h-position-center elementor--v-position-middle elementor-arrows-position-inside elementor-pagination-position-inside elementor-widget elementor-widget-slides\" data-id=\"ccbd887\" data-element_type=\"widget\" data-settings=\"{&quot;navigation&quot;:&quot;both&quot;,&quot;autoplay&quot;:&quot;yes&quot;,&quot;pause_on_hover&quot;:&quot;yes&quot;,&quot;pause_on_interaction&quot;:&quot;yes&quot;,&quot;autoplay_speed&quot;:5000,&quot;infinite&quot;:&quot;yes&quot;,&quot;transition&quot;:&quot;slide&quot;,&quot;transition_speed&quot;:500}\" data-widget_type=\"slides.default\">\n\t\t\t\t\t\t\t\t\t\t<div class=\"elementor-slides-wrapper elementor-main-swiper swiper\" role=\"region\" aria-roledescription=\"carousel\" aria-label=\"Slides\" dir=\"ltr\" data-animation=\"fadeInUp\">\n\t\t\t\t<div class=\"swiper-wrapper elementor-slides\">\n\t\t\t\t\t\t\t\t\t\t<div class=\"elementor-repeater-item-9c08d72 swiper-slide\" role=\"group\" aria-roledescription=\"slide\"><div class=\"swiper-slide-bg\" role=\"img\" aria-label=\"42456380-e153-418b-9601-3f34d42060bc\"><\/div><div class=\"swiper-slide-inner\" ><div class=\"swiper-slide-contents\"><div class=\"elementor-slide-heading\">Inscri\u00e7\u00f5es Abertas para 2025\/26!<\/div><div class=\"elementor-slide-description\">A tua paix\u00e3o pela m\u00fasica merece um lugar onde possa crescer e brilhar. <p>Est\u00e1s pronto para desenvolver o teu talento?<p> Seja qual for o teu n\u00edvel temos cursos e professores especializados prontos para te acompanhar.<\/div><a href=\"https:\/\/secretaria.musasoftware.com\/CandidatosEASC\/#\/home\" target=\"_blank\" class=\"elementor-button elementor-slide-button elementor-size-sm\">Inscreve-te j\u00e1!<\/a><\/div><\/div><\/div>\t\t\t\t<\/div>\n\t\t\t\t\t\t\t<\/div>\n\t\t\t\t\t\t\t\t<\/div>\n\t\t\t\t<\/div>\n\t\t<div class=\"elementor-element elementor-element-2ec1082 e-flex e-con-boxed e-con e-parent\" data-id=\"2ec1082\" data-element_type=\"container\" data-settings=\"{&quot;background_background&quot;:&quot;classic&quot;}\">\n\t\t\t\t\t<div class=\"e-con-inner\">\n\t\t<div class=\"elementor-element elementor-element-76780fb e-con-full e-flex e-con e-child\" data-id=\"76780fb\" data-element_type=\"container\">\n\t\t\t\t<div class=\"elementor-element elementor-element-3b6a557 elementor-widget elementor-widget-heading\" data-id=\"3b6a557\" data-element_type=\"widget\" data-widget_type=\"heading.default\">\n\t\t\t\t\t<h2 class=\"elementor-heading-title elementor-size-default\">BEM VINDOS!\n<\/h2>\t\t\t\t<\/div>\n\t\t\t\t<\/div>\n\t\t<div class=\"elementor-element elementor-element-46002d1 e-con-full e-flex e-con e-child\" data-id=\"46002d1\" data-element_type=\"container\">\n\t\t\t\t<\/div>\n\t\t\t\t\t<\/div>\n\t\t\t\t<\/div>\n\t\t\t\t<\/div>\n\t\t","protected":false},"excerpt":{"rendered":"<p>Inscri\u00e7\u00f5es Abertas para 2025\/26!A tua paix\u00e3o pela m\u00fasica merece um lugar onde possa crescer e brilhar. Est\u00e1s pronto para desenvolver o teu talento? Seja qual for o teu n\u00edvel temos cursos e professores especializados prontos para te acompanhar.Inscreve-te j\u00e1! BEM VINDOS!<\/p>\n","protected":false},"author":1,"featured_media":0,"parent":0,"menu_order":0,"comment_status":"closed","ping_status":"closed","template":"elementor_header_footer","meta":{"footnotes":""},"class_list":["post-43","page","type-page","status-publish","hentry"],"yoast_head":"<!-- This site is optimized with the Yoast SEO Premium plugin v26.0 (Yoast SEO v26.0) - https:\/\/yoast.com\/wordpress\/plugins\/seo\/ -->\n<title>Inicio - Espa\u00e7o Artes Santa Cec\u00edlia<\/title>\n<meta name=\"robots\" content=\"index, follow, max-snippet:-1, max-image-preview:large, max-video-preview:-1\" \/>\n<link rel=\"canonical\" href=\"https:\/\/espacoartesc.pt\/\" \/>\n<meta property=\"og:locale\" content=\"pt_PT\" \/>\n<meta property=\"og:type\" content=\"article\" \/>\n<meta property=\"og:title\" content=\"Inicio\" \/>\n<meta property=\"og:description\" content=\"Inscri\u00e7\u00f5es Abertas para 2025\/26!A tua paix\u00e3o pela m\u00fasica merece um lugar onde possa crescer e brilhar. Est\u00e1s pronto para desenvolver o teu talento? Seja qual for o teu n\u00edvel temos cursos e professores especializados prontos para te acompanhar.Inscreve-te j\u00e1! BEM VINDOS!\" \/>\n<meta property=\"og:url\" content=\"https:\/\/espacoartesc.pt\/\" \/>\n<meta property=\"og:site_name\" content=\"Espa\u00e7o Artes Santa Cec\u00edlia\" \/>\n<meta property=\"article:modified_time\" content=\"2025-09-30T13:33:32+00:00\" \/>\n<meta name=\"twitter:card\" content=\"summary_large_image\" \/>\n<meta name=\"twitter:label1\" content=\"Tempo estimado de leitura\" \/>\n\t<meta name=\"twitter:data1\" content=\"1 minuto\" \/>\n<script type=\"application\/ld+json\" class=\"yoast-schema-graph\">{\"@context\":\"https:\/\/schema.org\",\"@graph\":[{\"@type\":\"WebPage\",\"@id\":\"https:\/\/espacoartesc.pt\/\",\"url\":\"https:\/\/espacoartesc.pt\/\",\"name\":\"Inicio - Espa\u00e7o Artes Santa Cec\u00edlia\",\"isPartOf\":{\"@id\":\"https:\/\/espacoartesc.pt\/#website\"},\"datePublished\":\"2025-09-29T12:35:23+00:00\",\"dateModified\":\"2025-09-30T13:33:32+00:00\",\"breadcrumb\":{\"@id\":\"https:\/\/espacoartesc.pt\/#breadcrumb\"},\"inLanguage\":\"pt-PT\",\"potentialAction\":[{\"@type\":\"ReadAction\",\"target\":[\"https:\/\/espacoartesc.pt\/\"]}]},{\"@type\":\"BreadcrumbList\",\"@id\":\"https:\/\/espacoartesc.pt\/#breadcrumb\",\"itemListElement\":[{\"@type\":\"ListItem\",\"position\":1,\"name\":\"In\u00edcio\",\"item\":\"https:\/\/espacoartesc.pt\/\"},{\"@type\":\"ListItem\",\"position\":2,\"name\":\"Inicio\"}]},{\"@type\":\"WebSite\",\"@id\":\"https:\/\/espacoartesc.pt\/#website\",\"url\":\"https:\/\/espacoartesc.pt\/\",\"name\":\"Espa\u00e7o Artes Santa Cec\u00edlia\",\"description\":\"\",\"potentialAction\":[{\"@type\":\"SearchAction\",\"target\":{\"@type\":\"EntryPoint\",\"urlTemplate\":\"https:\/\/espacoartesc.pt\/?s={search_term_string}\"},\"query-input\":{\"@type\":\"PropertyValueSpecification\",\"valueRequired\":true,\"valueName\":\"search_term_string\"}}],\"inLanguage\":\"pt-PT\"}]}<\/script>\n<!-- \/ Yoast SEO Premium plugin. -->","yoast_head_json":{"title":"Inicio - Espa\u00e7o Artes Santa Cec\u00edlia","robots":{"index":"index","follow":"follow","max-snippet":"max-snippet:-1","max-image-preview":"max-image-preview:large","max-video-preview":"max-video-preview:-1"},"canonical":"https:\/\/espacoartesc.pt\/","og_locale":"pt_PT","og_type":"article","og_title":"Inicio","og_description":"Inscri\u00e7\u00f5es Abertas para 2025\/26!A tua paix\u00e3o pela m\u00fasica merece um lugar onde possa crescer e brilhar. Est\u00e1s pronto para desenvolver o teu talento? Seja qual for o teu n\u00edvel temos cursos e professores especializados prontos para te acompanhar.Inscreve-te j\u00e1! BEM VINDOS!","og_url":"https:\/\/espacoartesc.pt\/","og_site_name":"Espa\u00e7o Artes Santa Cec\u00edlia","article_modified_time":"2025-09-30T13:33:32+00:00","twitter_card":"summary_large_image","twitter_misc":{"Tempo estimado de leitura":"1 minuto"},"schema":{"@context":"https:\/\/schema.org","@graph":[{"@type":"WebPage","@id":"https:\/\/espacoartesc.pt\/","url":"https:\/\/espacoartesc.pt\/","name":"Inicio - Espa\u00e7o Artes Santa Cec\u00edlia","isPartOf":{"@id":"https:\/\/espacoartesc.pt\/#website"},"datePublished":"2025-09-29T12:35:23+00:00","dateModified":"2025-09-30T13:33:32+00:00","breadcrumb":{"@id":"https:\/\/espacoartesc.pt\/#breadcrumb"},"inLanguage":"pt-PT","potentialAction":[{"@type":"ReadAction","target":["https:\/\/espacoartesc.pt\/"]}]},{"@type":"BreadcrumbList","@id":"https:\/\/espacoartesc.pt\/#breadcrumb","itemListElement":[{"@type":"ListItem","position":1,"name":"In\u00edcio","item":"https:\/\/espacoartesc.pt\/"},{"@type":"ListItem","position":2,"name":"Inicio"}]},{"@type":"WebSite","@id":"https:\/\/espacoartesc.pt\/#website","url":"https:\/\/espacoartesc.pt\/","name":"Espa\u00e7o Artes Santa Cec\u00edlia","description":"","potentialAction":[{"@type":"SearchAction","target":{"@type":"EntryPoint","urlTemplate":"https:\/\/espacoartesc.pt\/?s={search_term_string}"},"query-input":{"@type":"PropertyValueSpecification","valueRequired":true,"valueName":"search_term_string"}}],"inLanguage":"pt-PT"}]}},"_links":{"self":[{"href":"https:\/\/espacoartesc.pt\/index.php\/wp-json\/wp\/v2\/pages\/43","targetHints":{"allow":["GET"]}}],"collection":[{"href":"https:\/\/espacoartesc.pt\/index.php\/wp-json\/wp\/v2\/pages"}],"about":[{"href":"https:\/\/espacoartesc.pt\/index.php\/wp-json\/wp\/v2\/types\/page"}],"author":[{"embeddable":true,"href":"https:\/\/espacoartesc.pt\/index.php\/wp-json\/wp\/v2\/users\/1"}],"replies":[{"embeddable":true,"href":"https:\/\/espacoartesc.pt\/index.php\/wp-json\/wp\/v2\/comments?post=43"}],"version-history":[{"count":47,"href":"https:\/\/espacoartesc.pt\/index.php\/wp-json\/wp\/v2\/pages\/43\/revisions"}],"predecessor-version":[{"id":213,"href":"https:\/\/espacoartesc.pt\/index.php\/wp-json\/wp\/v2\/pages\/43\/revisions\/213"}],"wp:attachment":[{"href":"https:\/\/espacoartesc.pt\/index.php\/wp-json\/wp\/v2\/media?parent=43"}],"curies":[{"name":"wp","href":"https:\/\/api.w.org\/{rel}","templated":true}]}}