{"id":45,"date":"2025-09-29T12:35:58","date_gmt":"2025-09-29T12:35:58","guid":{"rendered":"https:\/\/espacoartesc.pt\/?page_id=45"},"modified":"2025-09-30T09:57:41","modified_gmt":"2025-09-30T09:57:41","slug":"quem-somos","status":"publish","type":"page","link":"https:\/\/espacoartesc.pt\/index.php\/quem-somos\/","title":{"rendered":"Quem Somos"},"content":{"rendered":"\t\t<div data-elementor-type=\"wp-page\" data-elementor-id=\"45\" class=\"elementor elementor-45\" data-elementor-post-type=\"page\">\n\t\t\t\t<div class=\"elementor-element elementor-element-887274a e-flex e-con-boxed e-con e-parent\" data-id=\"887274a\" data-element_type=\"container\">\n\t\t\t\t\t<div class=\"e-con-inner\">\n\t\t\t\t<div class=\"elementor-element elementor-element-c1c20f1 elementor-widget elementor-widget-heading\" data-id=\"c1c20f1\" data-element_type=\"widget\" data-widget_type=\"heading.default\">\n\t\t\t\t\t<h2 class=\"elementor-heading-title elementor-size-default\">QUEM SOMOS<\/h2>\t\t\t\t<\/div>\n\t\t\t\t\t<\/div>\n\t\t\t\t<\/div>\n\t\t<div class=\"elementor-element elementor-element-ef4243c e-flex e-con-boxed e-con e-parent\" data-id=\"ef4243c\" data-element_type=\"container\">\n\t\t\t\t\t<div class=\"e-con-inner\">\n\t\t\t\t<div class=\"elementor-element elementor-element-84db5b8 elementor-widget elementor-widget-n-accordion\" data-id=\"84db5b8\" data-element_type=\"widget\" data-settings=\"{&quot;default_state&quot;:&quot;expanded&quot;,&quot;max_items_expended&quot;:&quot;one&quot;,&quot;n_accordion_animation_duration&quot;:{&quot;unit&quot;:&quot;ms&quot;,&quot;size&quot;:400,&quot;sizes&quot;:[]}}\" data-widget_type=\"nested-accordion.default\">\n\t\t\t\t\t\t\t<div class=\"e-n-accordion\" aria-label=\"Accordion. Open links with Enter or Space, close with Escape, and navigate with Arrow Keys\">\n\t\t\t\t\t\t<details id=\"e-n-accordion-item-1390\" class=\"e-n-accordion-item\" open>\n\t\t\t\t<summary class=\"e-n-accordion-item-title\" data-accordion-index=\"1\" tabindex=\"0\" aria-expanded=\"true\" aria-controls=\"e-n-accordion-item-1390\" >\n\t\t\t\t\t<span class='e-n-accordion-item-title-header'><div class=\"e-n-accordion-item-title-text\"> Miss\u00e3o <\/div><\/span>\n\t\t\t\t\t\t\t<span class='e-n-accordion-item-title-icon'>\n\t\t\t<span class='e-opened' ><svg aria-hidden=\"true\" class=\"e-font-icon-svg e-fas-music\" viewBox=\"0 0 512 512\" xmlns=\"http:\/\/www.w3.org\/2000\/svg\"><path d=\"M470.38 1.51L150.41 96A32 32 0 0 0 128 126.51v261.41A139 139 0 0 0 96 384c-53 0-96 28.66-96 64s43 64 96 64 96-28.66 96-64V214.32l256-75v184.61a138.4 138.4 0 0 0-32-3.93c-53 0-96 28.66-96 64s43 64 96 64 96-28.65 96-64V32a32 32 0 0 0-41.62-30.49z\"><\/path><\/svg><\/span>\n\t\t\t<span class='e-closed'><svg aria-hidden=\"true\" class=\"e-font-icon-svg e-fas-angle-down\" viewBox=\"0 0 320 512\" xmlns=\"http:\/\/www.w3.org\/2000\/svg\"><path d=\"M143 352.3L7 216.3c-9.4-9.4-9.4-24.6 0-33.9l22.6-22.6c9.4-9.4 24.6-9.4 33.9 0l96.4 96.4 96.4-96.4c9.4-9.4 24.6-9.4 33.9 0l22.6 22.6c9.4 9.4 9.4 24.6 0 33.9l-136 136c-9.2 9.4-24.4 9.4-33.8 0z\"><\/path><\/svg><\/span>\n\t\t<\/span>\n\n\t\t\t\t\t\t<\/summary>\n\t\t\t\t<div role=\"region\" aria-labelledby=\"e-n-accordion-item-1390\" class=\"elementor-element elementor-element-b8011ba e-con-full e-flex e-con e-child\" data-id=\"b8011ba\" data-element_type=\"container\">\n\t\t\t\t<div class=\"elementor-element elementor-element-61fd80d elementor-widget elementor-widget-text-editor\" data-id=\"61fd80d\" data-element_type=\"widget\" data-widget_type=\"text-editor.default\">\n\t\t\t\t\t\t\t\t\t<p>O Espa\u00e7o Arte SC tem como miss\u00e3o proporcionar uma forma\u00e7\u00e3o art\u00edstica de excel\u00eancia, promovendo o desenvolvimento integral dos seus alunos nas \u00e1reas da m\u00fasica, dan\u00e7a, artes pl\u00e1sticas e of\u00edcios art\u00edsticos. A institui\u00e7\u00e3o visa formar profissionais e cidad\u00e3os conscientes, capazes de contribuir para a valoriza\u00e7\u00e3o cultural e social da comunidade.<\/p>\t\t\t\t\t\t\t\t<\/div>\n\t\t\t\t<\/div>\n\t\t\t\t\t<\/details>\n\t\t\t\t\t\t<details id=\"e-n-accordion-item-1391\" class=\"e-n-accordion-item\" >\n\t\t\t\t<summary class=\"e-n-accordion-item-title\" data-accordion-index=\"2\" tabindex=\"-1\" aria-expanded=\"false\" aria-controls=\"e-n-accordion-item-1391\" >\n\t\t\t\t\t<span class='e-n-accordion-item-title-header'><div class=\"e-n-accordion-item-title-text\"> Vis\u00e3o <\/div><\/span>\n\t\t\t\t\t\t\t<span class='e-n-accordion-item-title-icon'>\n\t\t\t<span class='e-opened' ><svg aria-hidden=\"true\" class=\"e-font-icon-svg e-fas-music\" viewBox=\"0 0 512 512\" xmlns=\"http:\/\/www.w3.org\/2000\/svg\"><path d=\"M470.38 1.51L150.41 96A32 32 0 0 0 128 126.51v261.41A139 139 0 0 0 96 384c-53 0-96 28.66-96 64s43 64 96 64 96-28.66 96-64V214.32l256-75v184.61a138.4 138.4 0 0 0-32-3.93c-53 0-96 28.66-96 64s43 64 96 64 96-28.65 96-64V32a32 32 0 0 0-41.62-30.49z\"><\/path><\/svg><\/span>\n\t\t\t<span class='e-closed'><svg aria-hidden=\"true\" class=\"e-font-icon-svg e-fas-angle-down\" viewBox=\"0 0 320 512\" xmlns=\"http:\/\/www.w3.org\/2000\/svg\"><path d=\"M143 352.3L7 216.3c-9.4-9.4-9.4-24.6 0-33.9l22.6-22.6c9.4-9.4 24.6-9.4 33.9 0l96.4 96.4 96.4-96.4c9.4-9.4 24.6-9.4 33.9 0l22.6 22.6c9.4 9.4 9.4 24.6 0 33.9l-136 136c-9.2 9.4-24.4 9.4-33.8 0z\"><\/path><\/svg><\/span>\n\t\t<\/span>\n\n\t\t\t\t\t\t<\/summary>\n\t\t\t\t<div role=\"region\" aria-labelledby=\"e-n-accordion-item-1391\" class=\"elementor-element elementor-element-e41737b e-con-full e-flex e-con e-child\" data-id=\"e41737b\" data-element_type=\"container\">\n\t\t\t\t<div class=\"elementor-element elementor-element-66429f3 elementor-widget elementor-widget-text-editor\" data-id=\"66429f3\" data-element_type=\"widget\" data-widget_type=\"text-editor.default\">\n\t\t\t\t\t\t\t\t\t<p>Ser reconhecida como uma institui\u00e7\u00e3o de refer\u00eancia em Oeiras, no ensino art\u00edstico, destacando-se pela qualidade pedag\u00f3gica, inova\u00e7\u00e3o curricular e compromisso com a inclus\u00e3o e o desenvolvimento sustent\u00e1vel. O Espa\u00e7o Arte SC ambiciona ser um polo de cria\u00e7\u00e3o, partilha e preserva\u00e7\u00e3o das artes, promovendo o di\u00e1logo entre tradi\u00e7\u00e3o e contemporaneidade.<\/p>\t\t\t\t\t\t\t\t<\/div>\n\t\t\t\t<\/div>\n\t\t\t\t\t<\/details>\n\t\t\t\t\t\t<details id=\"e-n-accordion-item-1392\" class=\"e-n-accordion-item\" >\n\t\t\t\t<summary class=\"e-n-accordion-item-title\" data-accordion-index=\"3\" tabindex=\"-1\" aria-expanded=\"false\" aria-controls=\"e-n-accordion-item-1392\" >\n\t\t\t\t\t<span class='e-n-accordion-item-title-header'><div class=\"e-n-accordion-item-title-text\"> Valores <\/div><\/span>\n\t\t\t\t\t\t\t<span class='e-n-accordion-item-title-icon'>\n\t\t\t<span class='e-opened' ><svg aria-hidden=\"true\" class=\"e-font-icon-svg e-fas-music\" viewBox=\"0 0 512 512\" xmlns=\"http:\/\/www.w3.org\/2000\/svg\"><path d=\"M470.38 1.51L150.41 96A32 32 0 0 0 128 126.51v261.41A139 139 0 0 0 96 384c-53 0-96 28.66-96 64s43 64 96 64 96-28.66 96-64V214.32l256-75v184.61a138.4 138.4 0 0 0-32-3.93c-53 0-96 28.66-96 64s43 64 96 64 96-28.65 96-64V32a32 32 0 0 0-41.62-30.49z\"><\/path><\/svg><\/span>\n\t\t\t<span class='e-closed'><svg aria-hidden=\"true\" class=\"e-font-icon-svg e-fas-angle-down\" viewBox=\"0 0 320 512\" xmlns=\"http:\/\/www.w3.org\/2000\/svg\"><path d=\"M143 352.3L7 216.3c-9.4-9.4-9.4-24.6 0-33.9l22.6-22.6c9.4-9.4 24.6-9.4 33.9 0l96.4 96.4 96.4-96.4c9.4-9.4 24.6-9.4 33.9 0l22.6 22.6c9.4 9.4 9.4 24.6 0 33.9l-136 136c-9.2 9.4-24.4 9.4-33.8 0z\"><\/path><\/svg><\/span>\n\t\t<\/span>\n\n\t\t\t\t\t\t<\/summary>\n\t\t\t\t<div role=\"region\" aria-labelledby=\"e-n-accordion-item-1392\" class=\"elementor-element elementor-element-4bbdf22 e-con-full e-flex e-con e-child\" data-id=\"4bbdf22\" data-element_type=\"container\" data-settings=\"{&quot;background_background&quot;:&quot;classic&quot;}\">\n\t\t\t\t<div class=\"elementor-element elementor-element-0d8e668 elementor-widget elementor-widget-text-editor\" data-id=\"0d8e668\" data-element_type=\"widget\" data-widget_type=\"text-editor.default\">\n\t\t\t\t\t\t\t\t\t<ul><li><strong>Excel\u00eancia<\/strong>\u00a0\u2013 Compromisso com elevados padr\u00f5es de qualidade no ensino e na aprendizagem.<\/li><li><strong>Criatividade<\/strong>\u00a0\u2013 Valoriza\u00e7\u00e3o da express\u00e3o art\u00edstica e da inova\u00e7\u00e3o em todas as \u00e1reas de atua\u00e7\u00e3o.<\/li><li><strong>\u00c9tica e Responsabilidade Social<\/strong>\u00a0\u2013 Promo\u00e7\u00e3o de princ\u00edpios \u00e9ticos, respeito pelo outro e envolvimento ativo na comunidade.<\/li><li><strong>Coopera\u00e7\u00e3o<\/strong>\u00a0\u2013 Fomento do trabalho em equipa, da partilha de saberes e do esp\u00edrito cooperativo.<\/li><li><strong>Sustentabilidade<\/strong>\u00a0\u2013 Respeito pelo patrim\u00f3nio cultural e ambiental, incentivando pr\u00e1ticas respons\u00e1veis e duradouras.<\/li><\/ul>\t\t\t\t\t\t\t\t<\/div>\n\t\t\t\t<\/div>\n\t\t\t\t\t<\/details>\n\t\t\t\t\t<\/div>\n\t\t\t\t\t\t<\/div>\n\t\t\t\t\t<\/div>\n\t\t\t\t<\/div>\n\t\t\t\t<\/div>\n\t\t","protected":false},"excerpt":{"rendered":"<p>QUEM SOMOS Miss\u00e3o O Espa\u00e7o Arte SC tem como miss\u00e3o proporcionar uma forma\u00e7\u00e3o art\u00edstica de excel\u00eancia, promovendo o desenvolvimento integral dos seus alunos nas \u00e1reas da m\u00fasica, dan\u00e7a, artes pl\u00e1sticas e of\u00edcios art\u00edsticos. A institui\u00e7\u00e3o visa formar profissionais e cidad\u00e3os conscientes, capazes de contribuir para a valoriza\u00e7\u00e3o cultural e social da comunidade. Vis\u00e3o Ser reconhecida [&hellip;]<\/p>\n","protected":false},"author":1,"featured_media":0,"parent":0,"menu_order":0,"comment_status":"closed","ping_status":"closed","template":"elementor_header_footer","meta":{"footnotes":""},"class_list":["post-45","page","type-page","status-publish","hentry"],"yoast_head":"<!-- This site is optimized with the Yoast SEO Premium plugin v26.0 (Yoast SEO v26.0) - https:\/\/yoast.com\/wordpress\/plugins\/seo\/ -->\n<title>Quem Somos - Espa\u00e7o Artes Santa Cec\u00edlia<\/title>\n<meta name=\"robots\" content=\"index, follow, max-snippet:-1, max-image-preview:large, max-video-preview:-1\" \/>\n<link rel=\"canonical\" href=\"https:\/\/espacoartesc.pt\/index.php\/quem-somos\/\" \/>\n<meta property=\"og:locale\" content=\"pt_PT\" \/>\n<meta property=\"og:type\" content=\"article\" \/>\n<meta property=\"og:title\" content=\"Quem Somos\" \/>\n<meta property=\"og:description\" content=\"QUEM SOMOS Miss\u00e3o O Espa\u00e7o Arte SC tem como miss\u00e3o proporcionar uma forma\u00e7\u00e3o art\u00edstica de excel\u00eancia, promovendo o desenvolvimento integral dos seus alunos nas \u00e1reas da m\u00fasica, dan\u00e7a, artes pl\u00e1sticas e of\u00edcios art\u00edsticos. A institui\u00e7\u00e3o visa formar profissionais e cidad\u00e3os conscientes, capazes de contribuir para a valoriza\u00e7\u00e3o cultural e social da comunidade. Vis\u00e3o Ser reconhecida [&hellip;]\" \/>\n<meta property=\"og:url\" content=\"https:\/\/espacoartesc.pt\/index.php\/quem-somos\/\" \/>\n<meta property=\"og:site_name\" content=\"Espa\u00e7o Artes Santa Cec\u00edlia\" \/>\n<meta property=\"article:modified_time\" content=\"2025-09-30T09:57:41+00:00\" \/>\n<meta name=\"twitter:card\" content=\"summary_large_image\" \/>\n<meta name=\"twitter:label1\" content=\"Tempo estimado de leitura\" \/>\n\t<meta name=\"twitter:data1\" content=\"2 minutos\" \/>\n<script type=\"application\/ld+json\" class=\"yoast-schema-graph\">{\"@context\":\"https:\/\/schema.org\",\"@graph\":[{\"@type\":\"WebPage\",\"@id\":\"https:\/\/espacoartesc.pt\/index.php\/quem-somos\/\",\"url\":\"https:\/\/espacoartesc.pt\/index.php\/quem-somos\/\",\"name\":\"Quem Somos - Espa\u00e7o Artes Santa Cec\u00edlia\",\"isPartOf\":{\"@id\":\"https:\/\/espacoartesc.pt\/#website\"},\"datePublished\":\"2025-09-29T12:35:58+00:00\",\"dateModified\":\"2025-09-30T09:57:41+00:00\",\"breadcrumb\":{\"@id\":\"https:\/\/espacoartesc.pt\/index.php\/quem-somos\/#breadcrumb\"},\"inLanguage\":\"pt-PT\",\"potentialAction\":[{\"@type\":\"ReadAction\",\"target\":[\"https:\/\/espacoartesc.pt\/index.php\/quem-somos\/\"]}]},{\"@type\":\"BreadcrumbList\",\"@id\":\"https:\/\/espacoartesc.pt\/index.php\/quem-somos\/#breadcrumb\",\"itemListElement\":[{\"@type\":\"ListItem\",\"position\":1,\"name\":\"In\u00edcio\",\"item\":\"https:\/\/espacoartesc.pt\/\"},{\"@type\":\"ListItem\",\"position\":2,\"name\":\"Quem Somos\"}]},{\"@type\":\"WebSite\",\"@id\":\"https:\/\/espacoartesc.pt\/#website\",\"url\":\"https:\/\/espacoartesc.pt\/\",\"name\":\"Espa\u00e7o Artes Santa Cec\u00edlia\",\"description\":\"\",\"potentialAction\":[{\"@type\":\"SearchAction\",\"target\":{\"@type\":\"EntryPoint\",\"urlTemplate\":\"https:\/\/espacoartesc.pt\/?s={search_term_string}\"},\"query-input\":{\"@type\":\"PropertyValueSpecification\",\"valueRequired\":true,\"valueName\":\"search_term_string\"}}],\"inLanguage\":\"pt-PT\"}]}<\/script>\n<!-- \/ Yoast SEO Premium plugin. -->","yoast_head_json":{"title":"Quem Somos - Espa\u00e7o Artes Santa Cec\u00edlia","robots":{"index":"index","follow":"follow","max-snippet":"max-snippet:-1","max-image-preview":"max-image-preview:large","max-video-preview":"max-video-preview:-1"},"canonical":"https:\/\/espacoartesc.pt\/index.php\/quem-somos\/","og_locale":"pt_PT","og_type":"article","og_title":"Quem Somos","og_description":"QUEM SOMOS Miss\u00e3o O Espa\u00e7o Arte SC tem como miss\u00e3o proporcionar uma forma\u00e7\u00e3o art\u00edstica de excel\u00eancia, promovendo o desenvolvimento integral dos seus alunos nas \u00e1reas da m\u00fasica, dan\u00e7a, artes pl\u00e1sticas e of\u00edcios art\u00edsticos. A institui\u00e7\u00e3o visa formar profissionais e cidad\u00e3os conscientes, capazes de contribuir para a valoriza\u00e7\u00e3o cultural e social da comunidade. Vis\u00e3o Ser reconhecida [&hellip;]","og_url":"https:\/\/espacoartesc.pt\/index.php\/quem-somos\/","og_site_name":"Espa\u00e7o Artes Santa Cec\u00edlia","article_modified_time":"2025-09-30T09:57:41+00:00","twitter_card":"summary_large_image","twitter_misc":{"Tempo estimado de leitura":"2 minutos"},"schema":{"@context":"https:\/\/schema.org","@graph":[{"@type":"WebPage","@id":"https:\/\/espacoartesc.pt\/index.php\/quem-somos\/","url":"https:\/\/espacoartesc.pt\/index.php\/quem-somos\/","name":"Quem Somos - Espa\u00e7o Artes Santa Cec\u00edlia","isPartOf":{"@id":"https:\/\/espacoartesc.pt\/#website"},"datePublished":"2025-09-29T12:35:58+00:00","dateModified":"2025-09-30T09:57:41+00:00","breadcrumb":{"@id":"https:\/\/espacoartesc.pt\/index.php\/quem-somos\/#breadcrumb"},"inLanguage":"pt-PT","potentialAction":[{"@type":"ReadAction","target":["https:\/\/espacoartesc.pt\/index.php\/quem-somos\/"]}]},{"@type":"BreadcrumbList","@id":"https:\/\/espacoartesc.pt\/index.php\/quem-somos\/#breadcrumb","itemListElement":[{"@type":"ListItem","position":1,"name":"In\u00edcio","item":"https:\/\/espacoartesc.pt\/"},{"@type":"ListItem","position":2,"name":"Quem Somos"}]},{"@type":"WebSite","@id":"https:\/\/espacoartesc.pt\/#website","url":"https:\/\/espacoartesc.pt\/","name":"Espa\u00e7o Artes Santa Cec\u00edlia","description":"","potentialAction":[{"@type":"SearchAction","target":{"@type":"EntryPoint","urlTemplate":"https:\/\/espacoartesc.pt\/?s={search_term_string}"},"query-input":{"@type":"PropertyValueSpecification","valueRequired":true,"valueName":"search_term_string"}}],"inLanguage":"pt-PT"}]}},"_links":{"self":[{"href":"https:\/\/espacoartesc.pt\/index.php\/wp-json\/wp\/v2\/pages\/45","targetHints":{"allow":["GET"]}}],"collection":[{"href":"https:\/\/espacoartesc.pt\/index.php\/wp-json\/wp\/v2\/pages"}],"about":[{"href":"https:\/\/espacoartesc.pt\/index.php\/wp-json\/wp\/v2\/types\/page"}],"author":[{"embeddable":true,"href":"https:\/\/espacoartesc.pt\/index.php\/wp-json\/wp\/v2\/users\/1"}],"replies":[{"embeddable":true,"href":"https:\/\/espacoartesc.pt\/index.php\/wp-json\/wp\/v2\/comments?post=45"}],"version-history":[{"count":11,"href":"https:\/\/espacoartesc.pt\/index.php\/wp-json\/wp\/v2\/pages\/45\/revisions"}],"predecessor-version":[{"id":245,"href":"https:\/\/espacoartesc.pt\/index.php\/wp-json\/wp\/v2\/pages\/45\/revisions\/245"}],"wp:attachment":[{"href":"https:\/\/espacoartesc.pt\/index.php\/wp-json\/wp\/v2\/media?parent=45"}],"curies":[{"name":"wp","href":"https:\/\/api.w.org\/{rel}","templated":true}]}}